{"id":3,"date":"2023-09-21T14:56:39","date_gmt":"2023-09-21T14:56:39","guid":{"rendered":"https:\/\/gsusestilista.com\/web\/?page_id=3"},"modified":"2023-09-26T13:43:30","modified_gmt":"2023-09-26T13:43:30","slug":"privacy-policy","status":"publish","type":"page","link":"https:\/\/gsusestilista.com\/en\/privacy-policy\/","title":{"rendered":"Pol\u00edtica de cookies"},"content":{"rendered":"<div data-elementor-type=\"wp-page\" data-elementor-id=\"3\" class=\"elementor elementor-3\" data-elementor-post-type=\"page\">\n\t\t\t\t<div class=\"elementor-element elementor-element-409a6b66 e-flex e-con-boxed e-con e-parent\" data-id=\"409a6b66\" data-element_type=\"container\" data-e-type=\"container\">\n\t\t\t\t\t<div class=\"e-con-inner\">\n\t\t\t\t<div class=\"elementor-element elementor-element-1d292f1b elementor-widget elementor-widget-text-editor\" data-id=\"1d292f1b\" data-element_type=\"widget\" data-e-type=\"widget\" data-widget_type=\"text-editor.default\">\n\t\t\t\t<div class=\"elementor-widget-container\">\n\t\t\t\t\t\t\t\t\t<p><\/p>\n<p>Esta Pol\u00edtica de Cookies es parte integrante del Aviso Legal y la Pol\u00edtica de Privacidad de <b>GSUS ESTILISTA<\/b>. El acceso y la navegaci\u00f3n en el sitio, o el uso de los servicios del mismo, implican la aceptaci\u00f3n de las Condiciones Generales establecidas en nuestro Aviso Legal (y, por tanto, de la Pol\u00edtica de Privacidad y Pol\u00edtica de Cookies). Por favor, l\u00e9elas atentamente. Te agradecemos que hayas decidido visitarnos. Queremos que tu experiencia en el sitio sea lo mejor posible, y por ese motivo hemos escrito esta Pol\u00edtica de Cookies de la forma m\u00e1s transparente posible.<\/p>\n<h3 class=\"wp-block-heading\"><b><br>\u00bfQu\u00e9 es una Cookie?<\/b><\/h3>\n<p>Las cookies son archivos que contienen peque\u00f1as cantidades de informaci\u00f3n que se descargan en el dispositivo del usuario que se utiliza cuando visitas un sitio web. Su finalidad principal es reconocer al usuario cada vez que accede a&nbsp;<span style=\"font-weight: 700;\">GSUS ESTILISTA<\/span>, lo que nos permite mejorar la calidad y la usabilidad de nuestra web.<\/p>\n<p><br>Las cookies son esenciales para el funcionamiento de Internet; no pueden da\u00f1ar el equipo\/dispositivo del usuario y, si se encuentran activadas en la configuraci\u00f3n de tu navegador, nos ayudan a identificar y resolver posibles errores de funcionamiento de&nbsp;<span style=\"font-weight: 700; text-align: var(--text-align); background-color: var(--ast-global-color-4); color: var(--ast-global-color-3);\">GSUS ESTILISTA<\/span><\/p>\n<h3><b><br>Tipos de Cookies<\/b><\/h3>\n<p>Hay diferentes tipos de cookies. Todos ellos trabajan de la misma manera, pero tienen peque\u00f1as diferencias:<\/p>\n<p>\u2022&nbsp;<b>Cookies de Sesi\u00f3n:<\/b>&nbsp;Las cookies de sesi\u00f3n duran solamente por la duraci\u00f3n de tu visita y se borran cuando cierras el navegador. Su finalidad principal es identificar el tipo de dispositivo, apoyar la seguridad sitio web o su funcionalidad b\u00e1sica. No contienen informaci\u00f3n personal que nos permita identificar a una persona.<\/p>\n<p>\u2022&nbsp;<b>Cookies Persistentes o Permanentes<\/b>: Se almacenan en el disco duro del dispositivo y nuestra web las lee cada vez que realizas una nueva visita a&nbsp;<span style=\"font-weight: 700;\">GSUS ESTILISTA<\/span>; posee una fecha de caducidad o expiraci\u00f3n determinada, cumplida la cual la cookie deja de funcionar. Nos permiten identificar tus acciones y preferencias; analizar las visitas y nos ayudan a comprender c\u00f3mo llegan los usuarios a nuestra p\u00e1gina y mejorar nuestros servicios.<br>\u2022&nbsp;<b>Cookies de Funcionalidad:<\/b>&nbsp;Permiten a&nbsp;<span style=\"font-weight: 700;\">GSUS ESTILISTA<\/span>&nbsp;recordar decisiones adoptadas por el usuario, como su login o identificador. La informaci\u00f3n que estas cookies recogen se anonimiza (es decir, no contiene ni tu nombre, direcci\u00f3n, u otros datos).<br>\u2022&nbsp;<b>Cookies de Terceros:<\/b>&nbsp;Las cookies de terceros son las cookies que instala un sitio web que no es el que est\u00e1s visitando; por ejemplo, las usadas por redes sociales (como Facebook) o por complementos externos de contenido (como Google Maps). Adem\u00e1s, algunas empresas de publicidad utilizan este tipo de archivos para realizar un seguimiento de tus visitas en cada sitio en el que se anuncian.<br>\u2022&nbsp;<b>Cookies Anal\u00edticas:<\/b>&nbsp;Son cookies que tienen por finalidad el mantenimiento peri\u00f3dico y garantizar el mejor funcionamiento y servicio al usuario; recopilando datos de tu actividad.<\/p>\n<h3><b><br>Uso de Cookies<\/b><\/h3>\n<p>Mediante el acceso a&nbsp;<span style=\"font-weight: 700;\">GSUS ESTILISTA<\/span>, aceptas de manera expresa que podamos usar este tipo de cookies en tus dispositivos. Si desactivas las cookies, puede que tu navegaci\u00f3n por&nbsp;<span style=\"font-weight: 700;\">GSUS ESTILISTA<\/span>&nbsp;no sea \u00f3ptima y algunas de las utilidades que dispone&nbsp;<span style=\"font-weight: 700;\">GSUS ESTILISTA<\/span>&nbsp;no funcionen correctamente.<\/p>\n<h4>a) Cookies propias<\/h4>\n<p>Con el fin de reconocerte y prestarte un mejor servicio, nuestro sitio emplea cookies (peque\u00f1os archivos de texto que tu navegador almacena) propias. Las ventajas que conlleva la aceptaci\u00f3n de nuestras cookies se traduce en un ahorro de tiempo. Asimismo, pueden ser utilizadas tambi\u00e9n para reconocerte entre visitas sucesivas y as\u00ed adaptar el contenido que se te muestra, para obtener informaci\u00f3n acerca de la fecha y hora de tu \u00faltima visita, medir algunos par\u00e1metros de tr\u00e1fico dentro del propio sitio, y estimar el n\u00famero de visitas realizadas, de manera que podamos enfocar y ajustar los servicios y promociones de forma m\u00e1s efectiva.<br>Ninguna cookie permite que pueda contactarse con tu n\u00famero de tel\u00e9fono, tu direcci\u00f3n de correo electr\u00f3nico o con cualquier otro medio de contacto. Ninguna cookie puede extraer informaci\u00f3n de tu disco duro o robar informaci\u00f3n personal.<\/p>\n<h4>COOKIES ESTRICTAMENTE NECESARIAS<\/h4>\n<p><b>PHPSESSID:<\/b>&nbsp;Utilizada para mantener la sesi\u00f3n abierta con el servidor.<br>cookie_ue Utilizada para mostrar el aviso de la pol\u00edtica de cookies.<\/p>\n<p><b>customerCart, customerCurrency, customerGroup,<br>customerLang, customerShop, customerToken, etc<\/b>&nbsp;Cookies relacionadas con su cuenta si est\u00e1 logueado<br>saveCustomization3, savePriceSpecific, saveUniqUser, Diversas cookies de personalizaci\u00f3n de productos<\/p>\n<h4>b) Cookies de Terceros.<\/h4>\n<p>Cookies de Google Analytics<\/p>\n<p>El sitio utiliza el servicio Google Analytics, que es prestado por Google, Inc., entidad cuya oficina principal est\u00e1 en 1600 Amphitheatre Parkway, Mountain View (California), CA 94043, Estados Unidos (\u00abGoogle\u00bb).<br>Google Analytics utiliza cookies para ayudarnos a analizar el uso que hacen los usuarios del sitio. La informaci\u00f3n que genera la cookie acerca de tu uso del sitio (incluyendo tu direcci\u00f3n IP) ser\u00e1 directamente transmitida y archivada por Google en sus servidores de Estados Unidos. Google usar\u00e1 esta informaci\u00f3n por cuenta nuestra con el prop\u00f3sito de seguir la pista de tu uso del sitio, recopilando informes de la actividad del sitio y prestando otros servicios relacionados con la actividad del sitio y el uso de Internet. Google podr\u00e1 transmitir dicha informaci\u00f3n a terceros cuando as\u00ed se lo requiera la legislaci\u00f3n, o cuando dichos terceros procesen la informaci\u00f3n por cuenta de Google. Google no asociar\u00e1 tu direcci\u00f3n IP con ning\u00fan otro dato del que disponga Google.<br>Si lo deseas puedes rechazar el tratamiento de los datos o la informaci\u00f3n rechazando el uso de cookies mediante la selecci\u00f3n de la configuraci\u00f3n apropiada de tu navegador. Sin embargo, si lo haces, puede ser que no puedas usar la plena funcionabilidad de este sitio. Al utilizar este sitio consientes el tratamiento tu informaci\u00f3n por Google en la forma y para los fines arriba indicados<\/p>\n<h4>COOKIES ANAL\u00cdTICAS<\/h4>\n<p><b><br>_ga<br>_utma<br>_utmb<br>_utmc<br>_utmt<br>_utmv<br>_utmz<\/b>&nbsp;<\/p>\n<p>Estas cookies de Google Analytics generan un ID de usuario an\u00f3nimo, que es el que se utiliza para hacer un recuento de cuantas veces visita&nbsp;<span style=\"font-weight: 700;\">GSUS ESTILISTA<\/span>&nbsp;el usuario. Tambi\u00e9n registra cuando fue la primera y la \u00faltima vez que visit\u00f3 la web. Asimismo, calcula cuando se ha terminado una sesi\u00f3n, origen de usuario y keywords.<\/p>\n<h3><b>Configuraci\u00f3n para evitar las Cookies<\/b><\/h3>\n<p>Desde&nbsp;<span style=\"font-weight: 700;\">GSUS ESTILISTA<\/span>&nbsp;y en cumplimiento de la normativa legal vigente, ponemos a tu disposici\u00f3n la informaci\u00f3n que te permita configurar tu navegador\/navegadores de Internet para mantener tu privacidad y seguridad en relaci\u00f3n a las cookies. Por ello, te facilitamos la informaci\u00f3n y enlaces a los sitos de soporte oficiales de los principales navegadores para que puedas decidir si deseas o no aceptar el uso de cookies.<br>As\u00ed, puedes bloquear las cookies a trav\u00e9s de las herramientas de configuraci\u00f3n del navegador o bien puedes configurar tu navegador para que te avise cuando un servidor quiera guardar una cookie:<\/p>\n<p>1. Si utilizas Microsoft Internet Explorer,<br>en la opci\u00f3n de men\u00fa Herramientas &gt; Opciones de Internet &gt; Privacidad &gt; Configuraci\u00f3n.<br>Para saber m\u00e1s visita:<br>http:\/\/windows.microsoft.com\/es-es\/windows-vista\/block-or-allow-cookies<br>http:\/\/windows.microsoft.com\/es-es\/windows7\/how-to-manage-cookies-in-internet-explorer-9 .<br>2. Si utilizas Firefox,<br>en la opci\u00f3n de men\u00fa Herramientas &gt; Opciones &gt; Privacidad &gt; Cookies.<br>Para saber m\u00e1s visita:<br>https:\/\/support.mozilla.org\/es\/kb\/habilitar-y-deshabilitar-cookies-que-los-sitios-we<\/p>\n<p>3. Si utilizas Chrome,<br>en la secci\u00f3n de Opciones &gt; Opciones avanzadas &gt; Privacidad.<br>Para saber m\u00e1s visita:<br>http:\/\/support.google.com\/chrome\/bin\/answer.py?hl=es&amp;answer=95647<\/p>\n<p>4. Si utilizas Safari,<br>en la opci\u00f3n de Edici\u00f3n &gt; Preferencias &gt; Privacidad.<br>Para saber m\u00e1s visita:<br>http:\/\/support.apple.com\/kb\/ht1677?viewlocale=es_ES<\/p>\n<p>5. Si utilizas Opera,<br>en la opci\u00f3n de Seguridad y Privacidad, podr\u00e1s configurar el navegador.<br>Para saber m\u00e1s visita:<br>http:\/\/www.opera.com\/help\/tutorials\/security\/cookies\/<\/p>\n<p><\/p>\t\t\t\t\t\t\t\t<\/div>\n\t\t\t\t<\/div>\n\t\t\t\t\t<\/div>\n\t\t\t\t<\/div>\n\t\t\t\t<\/div>","protected":false},"excerpt":{"rendered":"<p>Esta Pol\u00edtica de Cookies es parte integrante del Aviso Legal y la Pol\u00edtica de Privacidad de GSUS ESTILISTA. El acceso y la navegaci\u00f3n en el sitio, o el uso de los servicios del mismo, implican la aceptaci\u00f3n de las Condiciones Generales establecidas en nuestro Aviso Legal (y, por tanto, de la Pol\u00edtica de Privacidad y [&hellip;]<\/p>\n","protected":false},"author":1,"featured_media":0,"parent":0,"menu_order":0,"comment_status":"closed","ping_status":"open","template":"","meta":{"_monsterinsights_skip_tracking":false,"_monsterinsights_sitenote_active":false,"_monsterinsights_sitenote_note":"","_monsterinsights_sitenote_category":0,"site-sidebar-layout":"default","site-content-layout":"","ast-site-content-layout":"default","site-content-style":"default","site-sidebar-style":"default","ast-global-header-display":"","ast-banner-title-visibility":"","ast-main-header-display":"","ast-hfb-above-header-display":"","ast-hfb-below-header-display":"","ast-hfb-mobile-header-display":"","site-post-title":"","ast-breadcrumbs-content":"","ast-featured-img":"","footer-sml-layout":"","ast-disable-related-posts":"","theme-transparent-header-meta":"","adv-header-id-meta":"","stick-header-meta":"","header-above-stick-meta":"","header-main-stick-meta":"","header-below-stick-meta":"","astra-migrate-meta-layouts":"set","ast-page-background-enabled":"default","ast-page-background-meta":{"desktop":{"background-color":"var(--ast-global-color-4)","background-image":"","background-repeat":"repeat","background-position":"center center","background-size":"auto","background-attachment":"scroll","background-type":"","background-media":"","overlay-type":"","overlay-color":"","overlay-opacity":"","overlay-gradient":""},"tablet":{"background-color":"","background-image":"","background-repeat":"repeat","background-position":"center center","background-size":"auto","background-attachment":"scroll","background-type":"","background-media":"","overlay-type":"","overlay-color":"","overlay-opacity":"","overlay-gradient":""},"mobile":{"background-color":"","background-image":"","background-repeat":"repeat","background-position":"center center","background-size":"auto","background-attachment":"scroll","background-type":"","background-media":"","overlay-type":"","overlay-color":"","overlay-opacity":"","overlay-gradient":""}},"ast-content-background-meta":{"desktop":{"background-color":"var(--ast-global-color-5)","background-image":"","background-repeat":"repeat","background-position":"center center","background-size":"auto","background-attachment":"scroll","background-type":"","background-media":"","overlay-type":"","overlay-color":"","overlay-opacity":"","overlay-gradient":""},"tablet":{"background-color":"var(--ast-global-color-5)","background-image":"","background-repeat":"repeat","background-position":"center center","background-size":"auto","background-attachment":"scroll","background-type":"","background-media":"","overlay-type":"","overlay-color":"","overlay-opacity":"","overlay-gradient":""},"mobile":{"background-color":"var(--ast-global-color-5)","background-image":"","background-repeat":"repeat","background-position":"center center","background-size":"auto","background-attachment":"scroll","background-type":"","background-media":"","overlay-type":"","overlay-color":"","overlay-opacity":"","overlay-gradient":""}},"_joinchat":[],"footnotes":""},"class_list":["post-3","page","type-page","status-publish","hentry"],"yoast_head":"<!-- This site is optimized with the Yoast SEO plugin v27.3 - https:\/\/yoast.com\/product\/yoast-seo-wordpress\/ -->\n<title>Pol\u00edtica de cookies - GSUS Estilista en Manacor<\/title>\n<meta name=\"robots\" content=\"index, follow, max-snippet:-1, max-image-preview:large, max-video-preview:-1\" \/>\n<link rel=\"canonical\" href=\"https:\/\/gsusestilista.com\/en\/privacy-policy\/\" \/>\n<meta property=\"og:locale\" content=\"en_US\" \/>\n<meta property=\"og:type\" content=\"article\" \/>\n<meta property=\"og:title\" content=\"Pol\u00edtica de cookies - GSUS Estilista en Manacor\" \/>\n<meta property=\"og:description\" content=\"Esta Pol\u00edtica de Cookies es parte integrante del Aviso Legal y la Pol\u00edtica de Privacidad de GSUS ESTILISTA. El acceso y la navegaci\u00f3n en el sitio, o el uso de los servicios del mismo, implican la aceptaci\u00f3n de las Condiciones Generales establecidas en nuestro Aviso Legal (y, por tanto, de la Pol\u00edtica de Privacidad y [&hellip;]\" \/>\n<meta property=\"og:url\" content=\"https:\/\/gsusestilista.com\/en\/privacy-policy\/\" \/>\n<meta property=\"og:site_name\" content=\"GSUS Estilista en Manacor\" \/>\n<meta property=\"article:publisher\" content=\"https:\/\/www.facebook.com\/GsusEstilista\/\" \/>\n<meta property=\"article:modified_time\" content=\"2023-09-26T13:43:30+00:00\" \/>\n<meta name=\"twitter:card\" content=\"summary_large_image\" \/>\n<meta name=\"twitter:label1\" content=\"Est. reading time\" \/>\n\t<meta name=\"twitter:data1\" content=\"7 minutes\" \/>\n<script type=\"application\/ld+json\" class=\"yoast-schema-graph\">{\"@context\":\"https:\\\/\\\/schema.org\",\"@graph\":[{\"@type\":\"WebPage\",\"@id\":\"https:\\\/\\\/gsusestilista.com\\\/privacy-policy\\\/\",\"url\":\"https:\\\/\\\/gsusestilista.com\\\/privacy-policy\\\/\",\"name\":\"Pol\u00edtica de cookies - GSUS Estilista en Manacor\",\"isPartOf\":{\"@id\":\"https:\\\/\\\/gsusestilista.com\\\/#website\"},\"datePublished\":\"2023-09-21T14:56:39+00:00\",\"dateModified\":\"2023-09-26T13:43:30+00:00\",\"breadcrumb\":{\"@id\":\"https:\\\/\\\/gsusestilista.com\\\/privacy-policy\\\/#breadcrumb\"},\"inLanguage\":\"en-US\",\"potentialAction\":[{\"@type\":\"ReadAction\",\"target\":[\"https:\\\/\\\/gsusestilista.com\\\/privacy-policy\\\/\"]}]},{\"@type\":\"BreadcrumbList\",\"@id\":\"https:\\\/\\\/gsusestilista.com\\\/privacy-policy\\\/#breadcrumb\",\"itemListElement\":[{\"@type\":\"ListItem\",\"position\":1,\"name\":\"Portada\",\"item\":\"https:\\\/\\\/gsusestilista.com\\\/\"},{\"@type\":\"ListItem\",\"position\":2,\"name\":\"Pol\u00edtica de cookies\"}]},{\"@type\":\"WebSite\",\"@id\":\"https:\\\/\\\/gsusestilista.com\\\/#website\",\"url\":\"https:\\\/\\\/gsusestilista.com\\\/\",\"name\":\"GSUS Estilista en Manacor\",\"description\":\"Nuestro centro de peluquer\u00eda y est\u00e9tica est\u00e1 situado en el \u2764\ufe0f de Manacor, en el recibir\u00e1s una atenci\u00f3n personalizada que te har\u00e1 sentir muy especial\",\"publisher\":{\"@id\":\"https:\\\/\\\/gsusestilista.com\\\/#organization\"},\"potentialAction\":[{\"@type\":\"SearchAction\",\"target\":{\"@type\":\"EntryPoint\",\"urlTemplate\":\"https:\\\/\\\/gsusestilista.com\\\/?s={search_term_string}\"},\"query-input\":{\"@type\":\"PropertyValueSpecification\",\"valueRequired\":true,\"valueName\":\"search_term_string\"}}],\"inLanguage\":\"en-US\"},{\"@type\":\"Organization\",\"@id\":\"https:\\\/\\\/gsusestilista.com\\\/#organization\",\"name\":\"GSUS Estilista en Manacor\",\"url\":\"https:\\\/\\\/gsusestilista.com\\\/\",\"logo\":{\"@type\":\"ImageObject\",\"inLanguage\":\"en-US\",\"@id\":\"https:\\\/\\\/gsusestilista.com\\\/#\\\/schema\\\/logo\\\/image\\\/\",\"url\":\"https:\\\/\\\/gsusestilista.com\\\/wp-content\\\/uploads\\\/2023\\\/09\\\/cropped-gsus-logo-1.png\",\"contentUrl\":\"https:\\\/\\\/gsusestilista.com\\\/wp-content\\\/uploads\\\/2023\\\/09\\\/cropped-gsus-logo-1.png\",\"width\":609,\"height\":203,\"caption\":\"GSUS Estilista en Manacor\"},\"image\":{\"@id\":\"https:\\\/\\\/gsusestilista.com\\\/#\\\/schema\\\/logo\\\/image\\\/\"},\"sameAs\":[\"https:\\\/\\\/www.facebook.com\\\/GsusEstilista\\\/\",\"https:\\\/\\\/www.instagram.com\\\/gsusestilista\"]}]}<\/script>\n<!-- \/ Yoast SEO plugin. -->","yoast_head_json":{"title":"Pol\u00edtica de cookies - GSUS Estilista en Manacor","robots":{"index":"index","follow":"follow","max-snippet":"max-snippet:-1","max-image-preview":"max-image-preview:large","max-video-preview":"max-video-preview:-1"},"canonical":"https:\/\/gsusestilista.com\/en\/privacy-policy\/","og_locale":"en_US","og_type":"article","og_title":"Pol\u00edtica de cookies - GSUS Estilista en Manacor","og_description":"Esta Pol\u00edtica de Cookies es parte integrante del Aviso Legal y la Pol\u00edtica de Privacidad de GSUS ESTILISTA. El acceso y la navegaci\u00f3n en el sitio, o el uso de los servicios del mismo, implican la aceptaci\u00f3n de las Condiciones Generales establecidas en nuestro Aviso Legal (y, por tanto, de la Pol\u00edtica de Privacidad y [&hellip;]","og_url":"https:\/\/gsusestilista.com\/en\/privacy-policy\/","og_site_name":"GSUS Estilista en Manacor","article_publisher":"https:\/\/www.facebook.com\/GsusEstilista\/","article_modified_time":"2023-09-26T13:43:30+00:00","twitter_card":"summary_large_image","twitter_misc":{"Est. reading time":"7 minutes"},"schema":{"@context":"https:\/\/schema.org","@graph":[{"@type":"WebPage","@id":"https:\/\/gsusestilista.com\/privacy-policy\/","url":"https:\/\/gsusestilista.com\/privacy-policy\/","name":"Pol\u00edtica de cookies - GSUS Estilista en Manacor","isPartOf":{"@id":"https:\/\/gsusestilista.com\/#website"},"datePublished":"2023-09-21T14:56:39+00:00","dateModified":"2023-09-26T13:43:30+00:00","breadcrumb":{"@id":"https:\/\/gsusestilista.com\/privacy-policy\/#breadcrumb"},"inLanguage":"en-US","potentialAction":[{"@type":"ReadAction","target":["https:\/\/gsusestilista.com\/privacy-policy\/"]}]},{"@type":"BreadcrumbList","@id":"https:\/\/gsusestilista.com\/privacy-policy\/#breadcrumb","itemListElement":[{"@type":"ListItem","position":1,"name":"Portada","item":"https:\/\/gsusestilista.com\/"},{"@type":"ListItem","position":2,"name":"Pol\u00edtica de cookies"}]},{"@type":"WebSite","@id":"https:\/\/gsusestilista.com\/#website","url":"https:\/\/gsusestilista.com\/","name":"GSUS Estilista en Manacor","description":"Nuestro centro de peluquer\u00eda y est\u00e9tica est\u00e1 situado en el \u2764\ufe0f de Manacor, en el recibir\u00e1s una atenci\u00f3n personalizada que te har\u00e1 sentir muy especial","publisher":{"@id":"https:\/\/gsusestilista.com\/#organization"},"potentialAction":[{"@type":"SearchAction","target":{"@type":"EntryPoint","urlTemplate":"https:\/\/gsusestilista.com\/?s={search_term_string}"},"query-input":{"@type":"PropertyValueSpecification","valueRequired":true,"valueName":"search_term_string"}}],"inLanguage":"en-US"},{"@type":"Organization","@id":"https:\/\/gsusestilista.com\/#organization","name":"GSUS Estilista en Manacor","url":"https:\/\/gsusestilista.com\/","logo":{"@type":"ImageObject","inLanguage":"en-US","@id":"https:\/\/gsusestilista.com\/#\/schema\/logo\/image\/","url":"https:\/\/gsusestilista.com\/wp-content\/uploads\/2023\/09\/cropped-gsus-logo-1.png","contentUrl":"https:\/\/gsusestilista.com\/wp-content\/uploads\/2023\/09\/cropped-gsus-logo-1.png","width":609,"height":203,"caption":"GSUS Estilista en Manacor"},"image":{"@id":"https:\/\/gsusestilista.com\/#\/schema\/logo\/image\/"},"sameAs":["https:\/\/www.facebook.com\/GsusEstilista\/","https:\/\/www.instagram.com\/gsusestilista"]}]}},"_links":{"self":[{"href":"https:\/\/gsusestilista.com\/en\/wp-json\/wp\/v2\/pages\/3","targetHints":{"allow":["GET"]}}],"collection":[{"href":"https:\/\/gsusestilista.com\/en\/wp-json\/wp\/v2\/pages"}],"about":[{"href":"https:\/\/gsusestilista.com\/en\/wp-json\/wp\/v2\/types\/page"}],"author":[{"embeddable":true,"href":"https:\/\/gsusestilista.com\/en\/wp-json\/wp\/v2\/users\/1"}],"replies":[{"embeddable":true,"href":"https:\/\/gsusestilista.com\/en\/wp-json\/wp\/v2\/comments?post=3"}],"version-history":[{"count":7,"href":"https:\/\/gsusestilista.com\/en\/wp-json\/wp\/v2\/pages\/3\/revisions"}],"predecessor-version":[{"id":1525,"href":"https:\/\/gsusestilista.com\/en\/wp-json\/wp\/v2\/pages\/3\/revisions\/1525"}],"wp:attachment":[{"href":"https:\/\/gsusestilista.com\/en\/wp-json\/wp\/v2\/media?parent=3"}],"curies":[{"name":"wp","href":"https:\/\/api.w.org\/{rel}","templated":true}]}}