{"id":1528,"date":"2023-09-26T13:44:12","date_gmt":"2023-09-26T13:44:12","guid":{"rendered":"https:\/\/gsusestilista.com\/web\/?page_id=1528"},"modified":"2023-09-26T14:12:24","modified_gmt":"2023-09-26T14:12:24","slug":"aviso-legal","status":"publish","type":"page","link":"https:\/\/gsusestilista.com\/en\/aviso-legal\/","title":{"rendered":"Legal advice"},"content":{"rendered":"<div data-elementor-type=\"wp-page\" data-elementor-id=\"1528\" class=\"elementor elementor-1528\" data-elementor-post-type=\"page\">\n\t\t\t\t<div class=\"elementor-element elementor-element-409a6b66 e-flex e-con-boxed e-con e-parent\" data-id=\"409a6b66\" data-element_type=\"container\" data-e-type=\"container\">\n\t\t\t\t\t<div class=\"e-con-inner\">\n\t\t\t\t<div class=\"elementor-element elementor-element-1d292f1b elementor-widget elementor-widget-text-editor\" data-id=\"1d292f1b\" data-element_type=\"widget\" data-e-type=\"widget\" data-widget_type=\"text-editor.default\">\n\t\t\t\t<div class=\"elementor-widget-container\">\n\t\t\t\t\t\t\t\t\t<p><\/p>\n<p><strong>Nombre comercial<\/strong>: Jesus Pedro Soriano Bennasar<br><strong>Domicilio social<\/strong>: Carretera petra bonany s\/n \u00b7 07520 Petra, Illes Balears<br><strong>CIF \/ NIF<\/strong>: 41570429E<br><strong>Tel\u00e9fono<\/strong>: <b>666 477 650<\/b><\/p>\n<p><strong>E-mail<\/strong>: info@gsusestilista.com<br><strong>Nombre de dominio<\/strong>: gsusestilista.com.<\/p>\n<p>&nbsp;<\/p>\n<h2 class=\"wp-block-heading\">1. Objeto<\/h2>\n<p>El prestador, responsable del sitio web, pone a disposici\u00f3n de los usuarios el presente documento con el que pretende dar cumplimiento a las obligaciones dispuestas en la Ley 34\/2002, de Servicios de la Sociedad de la Informaci\u00f3n y del Comercio Electr\u00f3nico (LSSI-CE), as\u00ed como informar a todos los usuarios del sitio web respecto a cu\u00e1les son las condiciones de uso del sitio web.<\/p><p><br>Toda persona que acceda a este sitio web asume el papel de usuario, comprometi\u00e9ndose a la observancia y cumplimiento riguroso de las disposiciones aqu\u00ed dispuestas, as\u00ed como a cualesquiera otra disposici\u00f3n legal que fuera de aplicaci\u00f3n.<\/p><p><br>El prestador se reserva el derecho a modificar cualquier tipo de informaci\u00f3n que pudiera aparecer en el sitio web, sin que exista obligaci\u00f3n de preavisar o poner en conocimiento de los usuarios dichas obligaciones, entendi\u00e9ndose como suficiente con la publicaci\u00f3n en el sitio web del prestador.<\/p>\n<p>&nbsp;<\/p>\n<h2>2. Responsabilidad<\/h2>\n<p>El prestador se exime de cualquier tipo de responsabilidad derivada de la informaci\u00f3n publicada en su sitio web, siempre que esta informaci\u00f3n haya sido manipulada o introducida por un tercero ajeno al mismo.<\/p><p><br><\/p>\n<p>El sitio web del prestador puede utilizar cookies (peque\u00f1os archivos de informaci\u00f3n que el servidor env\u00eda al ordenador de quien accede a la p\u00e1gina) para llevar a cabo determinadas funciones que son consideradas imprescindibles para el correcto funcionamiento y visualizaci\u00f3n del sitio. Las cookies empleadas en el sitio web tienen, en todo caso, car\u00e1cter temporal con la \u00fanica finalidad de hacer m\u00e1s eficaz su transmisi\u00f3n y desaparecen al terminar la sesi\u00f3n del usuario. En ning\u00fan caso se emplear\u00e1n las cookies para recoger informaci\u00f3n de car\u00e1cter personal.<\/p><p><br><\/p>\n<p>Desde el sitio web del cliente es posible que se redirija a contenidos de terceros sitios web. Dado que el prestador no puede controlar siempre los contenidos introducidos por los terceros en sus sitios web, este no asume ning\u00fan tipo de responsabilidad respecto a dichos contenidos. En todo caso, el prestador manifiesta que proceder\u00e1 a la retirada inmediata de cualquier contenido que pudiera contravenir la legislaci\u00f3n nacional o internacional, la moral o el orden p\u00fablico, procediendo a la retirada inmediata de la redirecci\u00f3n a dicho sitio web, poniendo en conocimiento de las autoridades competentes el contenido en cuesti\u00f3n.<\/p><p><br><\/p>\n<p>El prestador no se hace responsable de la informaci\u00f3n y contenidos almacenados, a t\u00edtulo enunciativo, pero no limitativo, en foros, chat\u00b4s, generadores de blogs, comentarios, redes sociales o cualesquiera otro medio que permita a terceros publicar contenidos de forma independiente en la p\u00e1gina web del prestador. No obstante, y en cumplimiento de lo dispuesto en el art. 11 y 16 de la LSSI-CE, el prestador se pone a disposici\u00f3n de todos los usuarios, autoridades y fuerzas de seguridad, y colaborando de forma activa en la retirada o en su caso, bloqueo de todos aquellos contenidos que pudieran afectar o contravenir la legislaci\u00f3n nacional, o internacional, derechos de terceros o la moral y el orden p\u00fablico. En caso de que el usuario considere que existe en el sitio web alg\u00fan contenido que pudiera ser susceptible de esta clasificaci\u00f3n, se ruega lo notifique de forma inmediata al administrador del sitio web.<\/p><p><br><\/p>\n<p>Este sitio web ha sido revisado y probado para que funcione correctamente. En principio, puede garantizarse el correcto funcionamiento los 365 d\u00edas del a\u00f1o, 24 horas al d\u00eda. No obstante, el prestador no descarta la posibilidad de que existan ciertos errores de programaci\u00f3n, o que acontezcan causas de fuerza mayor, cat\u00e1strofes naturales, huelgas, o circunstancias semejantes que hagan imposible el acceso a la p\u00e1gina web.<\/p>\n<p>&nbsp;<\/p>\n<h2>3. Propiedad Intelectual e industrial<\/h2>\n<p>El sitio web, incluyendo a t\u00edtulo enunciativo, pero no limitativo, su programaci\u00f3n, edici\u00f3n, compilaci\u00f3n y dem\u00e1s elementos necesarios para su funcionamiento, los dise\u00f1os, logotipos, texto y\/o gr\u00e1ficos, son propiedad del prestador o en su caso dispone de licencia o autorizaci\u00f3n expresa por parte de los autores. Todos los contenidos del sitio web se encuentran debidamente protegidos por la normativa de propiedad intelectual e industrial, as\u00ed como inscritos en los registros p\u00fablicos correspondientes.<\/p><p><br><\/p>\n<p>Independientemente de la finalidad para la que fueran destinados, la reproducci\u00f3n total o parcial, uso, explotaci\u00f3n, distribuci\u00f3n y comercializaci\u00f3n, requiere en todo caso de la autorizaci\u00f3n escrita previa por parte del prestador. Cualquier uso no autorizado previamente por parte del prestador ser\u00e1 considerado un incumplimiento grave de los derechos de propiedad intelectual o industrial del autor.<\/p>\n<p>Los dise\u00f1os, logotipos, texto y\/o gr\u00e1ficos ajenos al prestador y que pudieran aparecer en el sitio web, pertenecen a sus respectivos propietarios, siendo ellos mismos responsables de cualquier posible controversia que pudiera suscitarse respecto a los mismos. En todo caso, el prestador cuenta con la autorizaci\u00f3n expresa y previa por parte de los mismos.<\/p><p><br><\/p>\n<p>El prestador reconoce a favor de sus titulares los correspondientes derechos de propiedad industrial e intelectual, no implicando su sola menci\u00f3n o aparici\u00f3n en el sitio web la existencia de derechos o responsabilidad alguna del prestador sobre los mismos, como tampoco respaldo, patrocinio o recomendaci\u00f3n por parte del mismo.<\/p><p><br><\/p>\n<p>Para realizar cualquier tipo de observaci\u00f3n respecto a posibles incumplimientos de los derechos de propiedad intelectual o industrial, as\u00ed como sobre cualquiera de los contenidos del sitio web, puede hacerlo a trav\u00e9s del siguiente correo electr\u00f3nico.<\/p>\n<p><\/p>\t\t\t\t\t\t\t\t<\/div>\n\t\t\t\t<\/div>\n\t\t\t\t\t<\/div>\n\t\t\t\t<\/div>\n\t\t\t\t<\/div>","protected":false},"excerpt":{"rendered":"<p>Nombre comercial: Jesus Pedro Soriano BennasarDomicilio social: Carretera petra bonany s\/n \u00b7 07520 Petra, Illes BalearsCIF \/ NIF: 41570429ETel\u00e9fono: 666 477 650 E-mail: info@gsusestilista.comNombre de dominio: gsusestilista.com. &nbsp; 1. Objeto El prestador, responsable del sitio web, pone a disposici\u00f3n de los usuarios el presente documento con el que pretende dar cumplimiento a las obligaciones dispuestas [&hellip;]<\/p>\n","protected":false},"author":1,"featured_media":0,"parent":0,"menu_order":0,"comment_status":"closed","ping_status":"open","template":"","meta":{"_monsterinsights_skip_tracking":false,"_monsterinsights_sitenote_active":false,"_monsterinsights_sitenote_note":"","_monsterinsights_sitenote_category":0,"site-sidebar-layout":"default","site-content-layout":"","ast-site-content-layout":"default","site-content-style":"default","site-sidebar-style":"default","ast-global-header-display":"","ast-banner-title-visibility":"","ast-main-header-display":"","ast-hfb-above-header-display":"","ast-hfb-below-header-display":"","ast-hfb-mobile-header-display":"","site-post-title":"","ast-breadcrumbs-content":"","ast-featured-img":"","footer-sml-layout":"","ast-disable-related-posts":"","theme-transparent-header-meta":"","adv-header-id-meta":"","stick-header-meta":"","header-above-stick-meta":"","header-main-stick-meta":"","header-below-stick-meta":"","astra-migrate-meta-layouts":"set","ast-page-background-enabled":"default","ast-page-background-meta":{"desktop":{"background-color":"var(--ast-global-color-4)","background-image":"","background-repeat":"repeat","background-position":"center center","background-size":"auto","background-attachment":"scroll","background-type":"","background-media":"","overlay-type":"","overlay-color":"","overlay-opacity":"","overlay-gradient":""},"tablet":{"background-color":"","background-image":"","background-repeat":"repeat","background-position":"center center","background-size":"auto","background-attachment":"scroll","background-type":"","background-media":"","overlay-type":"","overlay-color":"","overlay-opacity":"","overlay-gradient":""},"mobile":{"background-color":"","background-image":"","background-repeat":"repeat","background-position":"center center","background-size":"auto","background-attachment":"scroll","background-type":"","background-media":"","overlay-type":"","overlay-color":"","overlay-opacity":"","overlay-gradient":""}},"ast-content-background-meta":{"desktop":{"background-color":"var(--ast-global-color-5)","background-image":"","background-repeat":"repeat","background-position":"center center","background-size":"auto","background-attachment":"scroll","background-type":"","background-media":"","overlay-type":"","overlay-color":"","overlay-opacity":"","overlay-gradient":""},"tablet":{"background-color":"var(--ast-global-color-5)","background-image":"","background-repeat":"repeat","background-position":"center center","background-size":"auto","background-attachment":"scroll","background-type":"","background-media":"","overlay-type":"","overlay-color":"","overlay-opacity":"","overlay-gradient":""},"mobile":{"background-color":"var(--ast-global-color-5)","background-image":"","background-repeat":"repeat","background-position":"center center","background-size":"auto","background-attachment":"scroll","background-type":"","background-media":"","overlay-type":"","overlay-color":"","overlay-opacity":"","overlay-gradient":""}},"_joinchat":[],"footnotes":""},"class_list":["post-1528","page","type-page","status-publish","hentry"],"yoast_head":"<!-- This site is optimized with the Yoast SEO plugin v27.3 - https:\/\/yoast.com\/product\/yoast-seo-wordpress\/ -->\n<title>Aviso legal - GSUS Estilista en Manacor<\/title>\n<meta name=\"robots\" content=\"index, follow, max-snippet:-1, max-image-preview:large, max-video-preview:-1\" \/>\n<link rel=\"canonical\" href=\"https:\/\/gsusestilista.com\/en\/aviso-legal\/\" \/>\n<meta property=\"og:locale\" content=\"en_US\" \/>\n<meta property=\"og:type\" content=\"article\" \/>\n<meta property=\"og:title\" content=\"Aviso legal - GSUS Estilista en Manacor\" \/>\n<meta property=\"og:description\" content=\"Nombre comercial: Jesus Pedro Soriano BennasarDomicilio social: Carretera petra bonany s\/n \u00b7 07520 Petra, Illes BalearsCIF \/ NIF: 41570429ETel\u00e9fono: 666 477 650 E-mail: info@gsusestilista.comNombre de dominio: gsusestilista.com. &nbsp; 1. Objeto El prestador, responsable del sitio web, pone a disposici\u00f3n de los usuarios el presente documento con el que pretende dar cumplimiento a las obligaciones dispuestas [&hellip;]\" \/>\n<meta property=\"og:url\" content=\"https:\/\/gsusestilista.com\/en\/aviso-legal\/\" \/>\n<meta property=\"og:site_name\" content=\"GSUS Estilista en Manacor\" \/>\n<meta property=\"article:publisher\" content=\"https:\/\/www.facebook.com\/GsusEstilista\/\" \/>\n<meta property=\"article:modified_time\" content=\"2023-09-26T14:12:24+00:00\" \/>\n<meta name=\"twitter:card\" content=\"summary_large_image\" \/>\n<meta name=\"twitter:label1\" content=\"Est. reading time\" \/>\n\t<meta name=\"twitter:data1\" content=\"5 minutes\" \/>\n<script type=\"application\/ld+json\" class=\"yoast-schema-graph\">{\"@context\":\"https:\\\/\\\/schema.org\",\"@graph\":[{\"@type\":\"WebPage\",\"@id\":\"https:\\\/\\\/gsusestilista.com\\\/aviso-legal\\\/\",\"url\":\"https:\\\/\\\/gsusestilista.com\\\/aviso-legal\\\/\",\"name\":\"Aviso legal - GSUS Estilista en Manacor\",\"isPartOf\":{\"@id\":\"https:\\\/\\\/gsusestilista.com\\\/#website\"},\"datePublished\":\"2023-09-26T13:44:12+00:00\",\"dateModified\":\"2023-09-26T14:12:24+00:00\",\"breadcrumb\":{\"@id\":\"https:\\\/\\\/gsusestilista.com\\\/aviso-legal\\\/#breadcrumb\"},\"inLanguage\":\"en-US\",\"potentialAction\":[{\"@type\":\"ReadAction\",\"target\":[\"https:\\\/\\\/gsusestilista.com\\\/aviso-legal\\\/\"]}]},{\"@type\":\"BreadcrumbList\",\"@id\":\"https:\\\/\\\/gsusestilista.com\\\/aviso-legal\\\/#breadcrumb\",\"itemListElement\":[{\"@type\":\"ListItem\",\"position\":1,\"name\":\"Portada\",\"item\":\"https:\\\/\\\/gsusestilista.com\\\/\"},{\"@type\":\"ListItem\",\"position\":2,\"name\":\"Aviso legal\"}]},{\"@type\":\"WebSite\",\"@id\":\"https:\\\/\\\/gsusestilista.com\\\/#website\",\"url\":\"https:\\\/\\\/gsusestilista.com\\\/\",\"name\":\"GSUS Estilista en Manacor\",\"description\":\"Nuestro centro de peluquer\u00eda y est\u00e9tica est\u00e1 situado en el \u2764\ufe0f de Manacor, en el recibir\u00e1s una atenci\u00f3n personalizada que te har\u00e1 sentir muy especial\",\"publisher\":{\"@id\":\"https:\\\/\\\/gsusestilista.com\\\/#organization\"},\"potentialAction\":[{\"@type\":\"SearchAction\",\"target\":{\"@type\":\"EntryPoint\",\"urlTemplate\":\"https:\\\/\\\/gsusestilista.com\\\/?s={search_term_string}\"},\"query-input\":{\"@type\":\"PropertyValueSpecification\",\"valueRequired\":true,\"valueName\":\"search_term_string\"}}],\"inLanguage\":\"en-US\"},{\"@type\":\"Organization\",\"@id\":\"https:\\\/\\\/gsusestilista.com\\\/#organization\",\"name\":\"GSUS Estilista en Manacor\",\"url\":\"https:\\\/\\\/gsusestilista.com\\\/\",\"logo\":{\"@type\":\"ImageObject\",\"inLanguage\":\"en-US\",\"@id\":\"https:\\\/\\\/gsusestilista.com\\\/#\\\/schema\\\/logo\\\/image\\\/\",\"url\":\"https:\\\/\\\/gsusestilista.com\\\/wp-content\\\/uploads\\\/2023\\\/09\\\/cropped-gsus-logo-1.png\",\"contentUrl\":\"https:\\\/\\\/gsusestilista.com\\\/wp-content\\\/uploads\\\/2023\\\/09\\\/cropped-gsus-logo-1.png\",\"width\":609,\"height\":203,\"caption\":\"GSUS Estilista en Manacor\"},\"image\":{\"@id\":\"https:\\\/\\\/gsusestilista.com\\\/#\\\/schema\\\/logo\\\/image\\\/\"},\"sameAs\":[\"https:\\\/\\\/www.facebook.com\\\/GsusEstilista\\\/\",\"https:\\\/\\\/www.instagram.com\\\/gsusestilista\"]}]}<\/script>\n<!-- \/ Yoast SEO plugin. -->","yoast_head_json":{"title":"Aviso legal - GSUS Estilista en Manacor","robots":{"index":"index","follow":"follow","max-snippet":"max-snippet:-1","max-image-preview":"max-image-preview:large","max-video-preview":"max-video-preview:-1"},"canonical":"https:\/\/gsusestilista.com\/en\/aviso-legal\/","og_locale":"en_US","og_type":"article","og_title":"Aviso legal - GSUS Estilista en Manacor","og_description":"Nombre comercial: Jesus Pedro Soriano BennasarDomicilio social: Carretera petra bonany s\/n \u00b7 07520 Petra, Illes BalearsCIF \/ NIF: 41570429ETel\u00e9fono: 666 477 650 E-mail: info@gsusestilista.comNombre de dominio: gsusestilista.com. &nbsp; 1. Objeto El prestador, responsable del sitio web, pone a disposici\u00f3n de los usuarios el presente documento con el que pretende dar cumplimiento a las obligaciones dispuestas [&hellip;]","og_url":"https:\/\/gsusestilista.com\/en\/aviso-legal\/","og_site_name":"GSUS Estilista en Manacor","article_publisher":"https:\/\/www.facebook.com\/GsusEstilista\/","article_modified_time":"2023-09-26T14:12:24+00:00","twitter_card":"summary_large_image","twitter_misc":{"Est. reading time":"5 minutes"},"schema":{"@context":"https:\/\/schema.org","@graph":[{"@type":"WebPage","@id":"https:\/\/gsusestilista.com\/aviso-legal\/","url":"https:\/\/gsusestilista.com\/aviso-legal\/","name":"Aviso legal - GSUS Estilista en Manacor","isPartOf":{"@id":"https:\/\/gsusestilista.com\/#website"},"datePublished":"2023-09-26T13:44:12+00:00","dateModified":"2023-09-26T14:12:24+00:00","breadcrumb":{"@id":"https:\/\/gsusestilista.com\/aviso-legal\/#breadcrumb"},"inLanguage":"en-US","potentialAction":[{"@type":"ReadAction","target":["https:\/\/gsusestilista.com\/aviso-legal\/"]}]},{"@type":"BreadcrumbList","@id":"https:\/\/gsusestilista.com\/aviso-legal\/#breadcrumb","itemListElement":[{"@type":"ListItem","position":1,"name":"Portada","item":"https:\/\/gsusestilista.com\/"},{"@type":"ListItem","position":2,"name":"Aviso legal"}]},{"@type":"WebSite","@id":"https:\/\/gsusestilista.com\/#website","url":"https:\/\/gsusestilista.com\/","name":"GSUS Estilista en Manacor","description":"Nuestro centro de peluquer\u00eda y est\u00e9tica est\u00e1 situado en el \u2764\ufe0f de Manacor, en el recibir\u00e1s una atenci\u00f3n personalizada que te har\u00e1 sentir muy especial","publisher":{"@id":"https:\/\/gsusestilista.com\/#organization"},"potentialAction":[{"@type":"SearchAction","target":{"@type":"EntryPoint","urlTemplate":"https:\/\/gsusestilista.com\/?s={search_term_string}"},"query-input":{"@type":"PropertyValueSpecification","valueRequired":true,"valueName":"search_term_string"}}],"inLanguage":"en-US"},{"@type":"Organization","@id":"https:\/\/gsusestilista.com\/#organization","name":"GSUS Estilista en Manacor","url":"https:\/\/gsusestilista.com\/","logo":{"@type":"ImageObject","inLanguage":"en-US","@id":"https:\/\/gsusestilista.com\/#\/schema\/logo\/image\/","url":"https:\/\/gsusestilista.com\/wp-content\/uploads\/2023\/09\/cropped-gsus-logo-1.png","contentUrl":"https:\/\/gsusestilista.com\/wp-content\/uploads\/2023\/09\/cropped-gsus-logo-1.png","width":609,"height":203,"caption":"GSUS Estilista en Manacor"},"image":{"@id":"https:\/\/gsusestilista.com\/#\/schema\/logo\/image\/"},"sameAs":["https:\/\/www.facebook.com\/GsusEstilista\/","https:\/\/www.instagram.com\/gsusestilista"]}]}},"_links":{"self":[{"href":"https:\/\/gsusestilista.com\/en\/wp-json\/wp\/v2\/pages\/1528","targetHints":{"allow":["GET"]}}],"collection":[{"href":"https:\/\/gsusestilista.com\/en\/wp-json\/wp\/v2\/pages"}],"about":[{"href":"https:\/\/gsusestilista.com\/en\/wp-json\/wp\/v2\/types\/page"}],"author":[{"embeddable":true,"href":"https:\/\/gsusestilista.com\/en\/wp-json\/wp\/v2\/users\/1"}],"replies":[{"embeddable":true,"href":"https:\/\/gsusestilista.com\/en\/wp-json\/wp\/v2\/comments?post=1528"}],"version-history":[{"count":4,"href":"https:\/\/gsusestilista.com\/en\/wp-json\/wp\/v2\/pages\/1528\/revisions"}],"predecessor-version":[{"id":1535,"href":"https:\/\/gsusestilista.com\/en\/wp-json\/wp\/v2\/pages\/1528\/revisions\/1535"}],"wp:attachment":[{"href":"https:\/\/gsusestilista.com\/en\/wp-json\/wp\/v2\/media?parent=1528"}],"curies":[{"name":"wp","href":"https:\/\/api.w.org\/{rel}","templated":true}]}}