{"id":1526,"date":"2023-09-26T13:43:52","date_gmt":"2023-09-26T13:43:52","guid":{"rendered":"https:\/\/gsusestilista.com\/web\/?page_id=1526"},"modified":"2024-04-30T15:50:43","modified_gmt":"2024-04-30T15:50:43","slug":"politica-privacidad","status":"publish","type":"page","link":"https:\/\/gsusestilista.com\/en\/politica-privacidad\/","title":{"rendered":"Pol\u00edtica de privacidad"},"content":{"rendered":"\t\t<div data-elementor-type=\"wp-page\" data-elementor-id=\"1526\" class=\"elementor elementor-1526\" data-elementor-post-type=\"page\">\n\t\t\t\t<div class=\"elementor-element elementor-element-409a6b66 e-flex e-con-boxed e-con e-parent\" data-id=\"409a6b66\" data-element_type=\"container\" data-e-type=\"container\">\n\t\t\t\t\t<div class=\"e-con-inner\">\n\t\t\t\t<div class=\"elementor-element elementor-element-1d292f1b elementor-widget elementor-widget-text-editor\" data-id=\"1d292f1b\" data-element_type=\"widget\" data-e-type=\"widget\" data-widget_type=\"text-editor.default\">\n\t\t\t\t<div class=\"elementor-widget-container\">\n\t\t\t\t\t\t\t\t\t<p><\/p>\n<p>De conformidad con la Ley 15\/1999 de datos de Car\u00e1cter personal y la ley 34\/2002 de la Sociedad de la Informaci\u00f3n (LSSICE) le informamos que:&nbsp;<\/p>\n<p><span style=\"font-style: inherit; font-weight: inherit; text-align: var(--text-align); background-color: var(--ast-global-color-4); color: var(--ast-global-color-3);\">&nbsp;<\/span><\/p>\n<p><span style=\"font-style: inherit; font-weight: inherit; text-align: var(--text-align); background-color: var(--ast-global-color-4); color: var(--ast-global-color-3);\">Existen distintas formas de que sus datos personales o comerciales pasen a nuestro fichero y, por tanto, distintas finalidades y usos de sus datos en el futuro, siempre con su consentimiento:<\/span><\/p>\n<p><span style=\"font-style: inherit; font-weight: inherit; text-align: var(--text-align); background-color: var(--ast-global-color-4); color: var(--ast-global-color-3);\">&nbsp;<\/span><\/p>\n<p><em>Suscripci\u00f3n a boletines<\/em>: Al registrarse en la web quedar\u00e1 suscrito a nuestros boletines y la finalidad ser\u00e1 enviarle cualquier tipo de informaci\u00f3n acerca de <b>GSUS ESTILISTA<\/b>, (promociones, descuentos, nuevos productos, ofertas, informaci\u00f3n corporativa, \u2026), en adelante INFORMACI\u00d3N GENERAL.<\/p>\n<p>&nbsp;<\/p>\n<p><em>Formulario de Contacto o Consulta<\/em>: Si da su consentimiento antes del env\u00edo de la consulta o formulario de contacto, sus datos formar\u00e1n parte de nuestro fichero con el fin de remitirle la informaci\u00f3n solicitada.<\/p>\n<p>&nbsp;<\/p>\n<p>REGISTRO: Si da su consentimiento antes del env\u00edo del formulario de registro como usuario, sus datos formar\u00e1n parte de nuestro fichero y la finalidad ser\u00e1 identificarle en pr\u00f3ximos accesos mediante las claves asignadas y enviarle INFORMACI\u00d3N GENERAL acerca de&nbsp;<span style=\"font-weight: bold;\">GSUS ESTILISTA<\/span>.<\/p>\n<p>&nbsp;<\/p>\n<p>En todo momento podr\u00e1 dirigirse a info@evaromeuestilistas.es, para rectificar sus preferencias respecto a la informaci\u00f3n a recibir o el deseo de no recibir ning\u00fan tipo de informaci\u00f3n, o cambiar sus datos personales, la direcci\u00f3n de env\u00edo de la informaci\u00f3n, \u2026<\/p>\n<p>&nbsp;<\/p>\n<p>La de suscripci\u00f3n de recibir INFORMACI\u00d3N GENERAL o de cualquier tipo es siempre autom\u00e1tica desde cualquier comunicado que reciba, desde el \u00e1rea privada del usuario, o bien mandando un mail a info@evaromeuestilistas.es. La suscripci\u00f3n siempre podr\u00e1 realizarse directamente insertando el mail en la casilla de SUSCRIPCI\u00d3N o bien mandando un e-mail a info@evaromeuestilistas.es.<\/p>\n<p>Los env\u00edos de e-mail a info@evaromeuestilistas.es o mediante correo postal para cambios en datos, altas o bajas, requerir\u00e1n identificaci\u00f3n.<\/p>\n<p>&nbsp;<\/p>\n<p>El disfrute de la condici\u00f3n de USUARIO REGISTRADO siempre exigir\u00e1 la inclusi\u00f3n de sus datos en nuestro fichero, con la finalidad prioritaria de IDENTIFICARLE mediante su clave de acceso personales, el consentimiento a recibir INFORMACI\u00d3N GENERAL O DE OTRO TIPO ser\u00e1 a su elecci\u00f3n.<\/p>\n<p>&nbsp;<\/p>\n<p>Por tanto:<\/p>\n<p>Si se ha registrado y\/o se ha suscrito o ha dado su consentimiento en alguno de los formularios de contacto existentes en:&nbsp;<span style=\"font-weight: bold;\">GSUS ESTILISTA<\/span>, sus datos pasar\u00e1n a formar parte de un fichero automatizado propiedad de&nbsp;<span style=\"font-weight: bold;\">GSUS ESTILISTA<\/span>&nbsp;con la finalidad de identificarle en el caso del registro como usuario, mantenerle informado en caso de suscripci\u00f3n y enviarle informaci\u00f3n comercial de&nbsp;<span style=\"font-weight: bold;\">GSUS ESTILISTA<\/span>.&nbsp;<\/p>\n<p>&nbsp;<\/p>\n<p>En cualquier caso, y siempre que haya dado su conformidad para recibir este tipo de informaci\u00f3n. Usted tiene derecho a acceder a este fichero para informaci\u00f3n, rectificaci\u00f3n o, en su caso, cancelaci\u00f3n de sus datos cuando as\u00ed lo desee.<\/p>\n<p>&nbsp;<\/p>\n<p>Si sus datos han sido recogidos para la utilizaci\u00f3n de alg\u00fan servicio de informaci\u00f3n que no requiera registro o suscripci\u00f3n y no ha dado su consentimiento para recibir informaci\u00f3n futura de promociones y noticias de&nbsp;<span style=\"font-weight: bold;\">GSUS ESTILISTA<\/span>&nbsp;estos ser\u00e1n eliminados una vez resuelta la consulta o informaci\u00f3n solicitada, es decir, no ser\u00e1n guardados en nuestra Base de datos.<\/p>\n<p><br><br><\/p>\n<p>GSUS ESTILISTA&nbsp; participa y est\u00e1 conforme con el conjunto de las Especificaciones y Pol\u00edticas del Transparency &amp; Consent Framework del IAB Europe. [\u00c9l\/Ella] utiliza la Consent Management Platform n\u00b0 92.<br><br><\/p>\n<p>Podr\u00e1 modificar sus elecciones en cualquier momento <a href=\"javascript:Sddan.cmp.displayUI()\">haciendo clic aqu\u00ed<\/a>.<\/p>\n<p><\/p>\t\t\t\t\t\t\t\t<\/div>\n\t\t\t\t<\/div>\n\t\t\t\t\t<\/div>\n\t\t\t\t<\/div>\n\t\t\t\t<\/div>\n\t\t","protected":false},"excerpt":{"rendered":"<p>De conformidad con la Ley 15\/1999 de datos de Car\u00e1cter personal y la ley 34\/2002 de la Sociedad de la Informaci\u00f3n (LSSICE) le informamos que:&nbsp; &nbsp; Existen distintas formas de que sus datos personales o comerciales pasen a nuestro fichero y, por tanto, distintas finalidades y usos de sus datos en el futuro, siempre con [&hellip;]<\/p>\n","protected":false},"author":1,"featured_media":0,"parent":0,"menu_order":0,"comment_status":"closed","ping_status":"open","template":"","meta":{"_monsterinsights_skip_tracking":false,"_monsterinsights_sitenote_active":false,"_monsterinsights_sitenote_note":"","_monsterinsights_sitenote_category":0,"site-sidebar-layout":"default","site-content-layout":"","ast-site-content-layout":"default","site-content-style":"default","site-sidebar-style":"default","ast-global-header-display":"","ast-banner-title-visibility":"","ast-main-header-display":"","ast-hfb-above-header-display":"","ast-hfb-below-header-display":"","ast-hfb-mobile-header-display":"","site-post-title":"","ast-breadcrumbs-content":"","ast-featured-img":"","footer-sml-layout":"","ast-disable-related-posts":"","theme-transparent-header-meta":"","adv-header-id-meta":"","stick-header-meta":"","header-above-stick-meta":"","header-main-stick-meta":"","header-below-stick-meta":"","astra-migrate-meta-layouts":"set","ast-page-background-enabled":"default","ast-page-background-meta":{"desktop":{"background-color":"var(--ast-global-color-4)","background-image":"","background-repeat":"repeat","background-position":"center center","background-size":"auto","background-attachment":"scroll","background-type":"","background-media":"","overlay-type":"","overlay-color":"","overlay-opacity":"","overlay-gradient":""},"tablet":{"background-color":"","background-image":"","background-repeat":"repeat","background-position":"center center","background-size":"auto","background-attachment":"scroll","background-type":"","background-media":"","overlay-type":"","overlay-color":"","overlay-opacity":"","overlay-gradient":""},"mobile":{"background-color":"","background-image":"","background-repeat":"repeat","background-position":"center center","background-size":"auto","background-attachment":"scroll","background-type":"","background-media":"","overlay-type":"","overlay-color":"","overlay-opacity":"","overlay-gradient":""}},"ast-content-background-meta":{"desktop":{"background-color":"var(--ast-global-color-5)","background-image":"","background-repeat":"repeat","background-position":"center center","background-size":"auto","background-attachment":"scroll","background-type":"","background-media":"","overlay-type":"","overlay-color":"","overlay-opacity":"","overlay-gradient":""},"tablet":{"background-color":"var(--ast-global-color-5)","background-image":"","background-repeat":"repeat","background-position":"center center","background-size":"auto","background-attachment":"scroll","background-type":"","background-media":"","overlay-type":"","overlay-color":"","overlay-opacity":"","overlay-gradient":""},"mobile":{"background-color":"var(--ast-global-color-5)","background-image":"","background-repeat":"repeat","background-position":"center center","background-size":"auto","background-attachment":"scroll","background-type":"","background-media":"","overlay-type":"","overlay-color":"","overlay-opacity":"","overlay-gradient":""}},"_joinchat":[],"footnotes":""},"class_list":["post-1526","page","type-page","status-publish","hentry"],"yoast_head":"<!-- This site is optimized with the Yoast SEO plugin v27.4 - https:\/\/yoast.com\/product\/yoast-seo-wordpress\/ -->\n<title>Pol\u00edtica de privacidad - GSUS Estilista en Manacor<\/title>\n<meta name=\"robots\" content=\"index, follow, max-snippet:-1, max-image-preview:large, max-video-preview:-1\" \/>\n<link rel=\"canonical\" href=\"https:\/\/gsusestilista.com\/en\/politica-privacidad\/\" \/>\n<meta property=\"og:locale\" content=\"en_US\" \/>\n<meta property=\"og:type\" content=\"article\" \/>\n<meta property=\"og:title\" content=\"Pol\u00edtica de privacidad - GSUS Estilista en Manacor\" \/>\n<meta property=\"og:description\" content=\"De conformidad con la Ley 15\/1999 de datos de Car\u00e1cter personal y la ley 34\/2002 de la Sociedad de la Informaci\u00f3n (LSSICE) le informamos que:&nbsp; &nbsp; Existen distintas formas de que sus datos personales o comerciales pasen a nuestro fichero y, por tanto, distintas finalidades y usos de sus datos en el futuro, siempre con [&hellip;]\" \/>\n<meta property=\"og:url\" content=\"https:\/\/gsusestilista.com\/en\/politica-privacidad\/\" \/>\n<meta property=\"og:site_name\" content=\"GSUS Estilista en Manacor\" \/>\n<meta property=\"article:publisher\" content=\"https:\/\/www.facebook.com\/GsusEstilista\/\" \/>\n<meta property=\"article:modified_time\" content=\"2024-04-30T15:50:43+00:00\" \/>\n<meta name=\"twitter:card\" content=\"summary_large_image\" \/>\n<meta name=\"twitter:label1\" content=\"Est. reading time\" \/>\n\t<meta name=\"twitter:data1\" content=\"3 minutes\" \/>\n<script type=\"application\/ld+json\" class=\"yoast-schema-graph\">{\"@context\":\"https:\\\/\\\/schema.org\",\"@graph\":[{\"@type\":\"WebPage\",\"@id\":\"https:\\\/\\\/gsusestilista.com\\\/politica-privacidad\\\/\",\"url\":\"https:\\\/\\\/gsusestilista.com\\\/politica-privacidad\\\/\",\"name\":\"Pol\u00edtica de privacidad - GSUS Estilista en Manacor\",\"isPartOf\":{\"@id\":\"https:\\\/\\\/gsusestilista.com\\\/#website\"},\"datePublished\":\"2023-09-26T13:43:52+00:00\",\"dateModified\":\"2024-04-30T15:50:43+00:00\",\"breadcrumb\":{\"@id\":\"https:\\\/\\\/gsusestilista.com\\\/politica-privacidad\\\/#breadcrumb\"},\"inLanguage\":\"en-US\",\"potentialAction\":[{\"@type\":\"ReadAction\",\"target\":[\"https:\\\/\\\/gsusestilista.com\\\/politica-privacidad\\\/\"]}]},{\"@type\":\"BreadcrumbList\",\"@id\":\"https:\\\/\\\/gsusestilista.com\\\/politica-privacidad\\\/#breadcrumb\",\"itemListElement\":[{\"@type\":\"ListItem\",\"position\":1,\"name\":\"Portada\",\"item\":\"https:\\\/\\\/gsusestilista.com\\\/\"},{\"@type\":\"ListItem\",\"position\":2,\"name\":\"Pol\u00edtica de privacidad\"}]},{\"@type\":\"WebSite\",\"@id\":\"https:\\\/\\\/gsusestilista.com\\\/#website\",\"url\":\"https:\\\/\\\/gsusestilista.com\\\/\",\"name\":\"GSUS Estilista en Manacor\",\"description\":\"Nuestro centro de peluquer\u00eda y est\u00e9tica est\u00e1 situado en el \u2764\ufe0f de Manacor, en el recibir\u00e1s una atenci\u00f3n personalizada que te har\u00e1 sentir muy especial\",\"publisher\":{\"@id\":\"https:\\\/\\\/gsusestilista.com\\\/#organization\"},\"potentialAction\":[{\"@type\":\"SearchAction\",\"target\":{\"@type\":\"EntryPoint\",\"urlTemplate\":\"https:\\\/\\\/gsusestilista.com\\\/?s={search_term_string}\"},\"query-input\":{\"@type\":\"PropertyValueSpecification\",\"valueRequired\":true,\"valueName\":\"search_term_string\"}}],\"inLanguage\":\"en-US\"},{\"@type\":\"Organization\",\"@id\":\"https:\\\/\\\/gsusestilista.com\\\/#organization\",\"name\":\"GSUS Estilista en Manacor\",\"url\":\"https:\\\/\\\/gsusestilista.com\\\/\",\"logo\":{\"@type\":\"ImageObject\",\"inLanguage\":\"en-US\",\"@id\":\"https:\\\/\\\/gsusestilista.com\\\/#\\\/schema\\\/logo\\\/image\\\/\",\"url\":\"https:\\\/\\\/gsusestilista.com\\\/wp-content\\\/uploads\\\/2023\\\/09\\\/cropped-gsus-logo-1.png\",\"contentUrl\":\"https:\\\/\\\/gsusestilista.com\\\/wp-content\\\/uploads\\\/2023\\\/09\\\/cropped-gsus-logo-1.png\",\"width\":609,\"height\":203,\"caption\":\"GSUS Estilista en Manacor\"},\"image\":{\"@id\":\"https:\\\/\\\/gsusestilista.com\\\/#\\\/schema\\\/logo\\\/image\\\/\"},\"sameAs\":[\"https:\\\/\\\/www.facebook.com\\\/GsusEstilista\\\/\",\"https:\\\/\\\/www.instagram.com\\\/gsusestilista\"]}]}<\/script>\n<!-- \/ Yoast SEO plugin. -->","yoast_head_json":{"title":"Pol\u00edtica de privacidad - GSUS Estilista en Manacor","robots":{"index":"index","follow":"follow","max-snippet":"max-snippet:-1","max-image-preview":"max-image-preview:large","max-video-preview":"max-video-preview:-1"},"canonical":"https:\/\/gsusestilista.com\/en\/politica-privacidad\/","og_locale":"en_US","og_type":"article","og_title":"Pol\u00edtica de privacidad - GSUS Estilista en Manacor","og_description":"De conformidad con la Ley 15\/1999 de datos de Car\u00e1cter personal y la ley 34\/2002 de la Sociedad de la Informaci\u00f3n (LSSICE) le informamos que:&nbsp; &nbsp; Existen distintas formas de que sus datos personales o comerciales pasen a nuestro fichero y, por tanto, distintas finalidades y usos de sus datos en el futuro, siempre con [&hellip;]","og_url":"https:\/\/gsusestilista.com\/en\/politica-privacidad\/","og_site_name":"GSUS Estilista en Manacor","article_publisher":"https:\/\/www.facebook.com\/GsusEstilista\/","article_modified_time":"2024-04-30T15:50:43+00:00","twitter_card":"summary_large_image","twitter_misc":{"Est. reading time":"3 minutes"},"schema":{"@context":"https:\/\/schema.org","@graph":[{"@type":"WebPage","@id":"https:\/\/gsusestilista.com\/politica-privacidad\/","url":"https:\/\/gsusestilista.com\/politica-privacidad\/","name":"Pol\u00edtica de privacidad - GSUS Estilista en Manacor","isPartOf":{"@id":"https:\/\/gsusestilista.com\/#website"},"datePublished":"2023-09-26T13:43:52+00:00","dateModified":"2024-04-30T15:50:43+00:00","breadcrumb":{"@id":"https:\/\/gsusestilista.com\/politica-privacidad\/#breadcrumb"},"inLanguage":"en-US","potentialAction":[{"@type":"ReadAction","target":["https:\/\/gsusestilista.com\/politica-privacidad\/"]}]},{"@type":"BreadcrumbList","@id":"https:\/\/gsusestilista.com\/politica-privacidad\/#breadcrumb","itemListElement":[{"@type":"ListItem","position":1,"name":"Portada","item":"https:\/\/gsusestilista.com\/"},{"@type":"ListItem","position":2,"name":"Pol\u00edtica de privacidad"}]},{"@type":"WebSite","@id":"https:\/\/gsusestilista.com\/#website","url":"https:\/\/gsusestilista.com\/","name":"GSUS Estilista en Manacor","description":"Nuestro centro de peluquer\u00eda y est\u00e9tica est\u00e1 situado en el \u2764\ufe0f de Manacor, en el recibir\u00e1s una atenci\u00f3n personalizada que te har\u00e1 sentir muy especial","publisher":{"@id":"https:\/\/gsusestilista.com\/#organization"},"potentialAction":[{"@type":"SearchAction","target":{"@type":"EntryPoint","urlTemplate":"https:\/\/gsusestilista.com\/?s={search_term_string}"},"query-input":{"@type":"PropertyValueSpecification","valueRequired":true,"valueName":"search_term_string"}}],"inLanguage":"en-US"},{"@type":"Organization","@id":"https:\/\/gsusestilista.com\/#organization","name":"GSUS Estilista en Manacor","url":"https:\/\/gsusestilista.com\/","logo":{"@type":"ImageObject","inLanguage":"en-US","@id":"https:\/\/gsusestilista.com\/#\/schema\/logo\/image\/","url":"https:\/\/gsusestilista.com\/wp-content\/uploads\/2023\/09\/cropped-gsus-logo-1.png","contentUrl":"https:\/\/gsusestilista.com\/wp-content\/uploads\/2023\/09\/cropped-gsus-logo-1.png","width":609,"height":203,"caption":"GSUS Estilista en Manacor"},"image":{"@id":"https:\/\/gsusestilista.com\/#\/schema\/logo\/image\/"},"sameAs":["https:\/\/www.facebook.com\/GsusEstilista\/","https:\/\/www.instagram.com\/gsusestilista"]}]}},"_links":{"self":[{"href":"https:\/\/gsusestilista.com\/en\/wp-json\/wp\/v2\/pages\/1526","targetHints":{"allow":["GET"]}}],"collection":[{"href":"https:\/\/gsusestilista.com\/en\/wp-json\/wp\/v2\/pages"}],"about":[{"href":"https:\/\/gsusestilista.com\/en\/wp-json\/wp\/v2\/types\/page"}],"author":[{"embeddable":true,"href":"https:\/\/gsusestilista.com\/en\/wp-json\/wp\/v2\/users\/1"}],"replies":[{"embeddable":true,"href":"https:\/\/gsusestilista.com\/en\/wp-json\/wp\/v2\/comments?post=1526"}],"version-history":[{"count":7,"href":"https:\/\/gsusestilista.com\/en\/wp-json\/wp\/v2\/pages\/1526\/revisions"}],"predecessor-version":[{"id":1983,"href":"https:\/\/gsusestilista.com\/en\/wp-json\/wp\/v2\/pages\/1526\/revisions\/1983"}],"wp:attachment":[{"href":"https:\/\/gsusestilista.com\/en\/wp-json\/wp\/v2\/media?parent=1526"}],"curies":[{"name":"wp","href":"https:\/\/api.w.org\/{rel}","templated":true}]}}